{"id":21983,"date":"2024-09-09T11:56:51","date_gmt":"2024-09-09T09:56:51","guid":{"rendered":"https:\/\/castaner-yachts.com\/vendemos-tu-barco\/"},"modified":"2025-07-31T15:17:01","modified_gmt":"2025-07-31T13:17:01","slug":"sell-your-boat","status":"publish","type":"page","link":"https:\/\/castaner-yachts.com\/en\/sell-your-boat\/","title":{"rendered":"Sell your boat"},"content":{"rendered":"<section  class='av_textblock_section av-m0utw702-06176453c67f68bce47fe269a3602c5b '   itemscope=\"itemscope\" itemtype=\"https:\/\/schema.org\/CreativeWork\" ><div class='avia_textblock'  itemprop=\"text\" ><h1 style=\"text-align: center;\">Sell your boat<\/h1>\n<\/div><\/section>\n<section  class='av_textblock_section av-m0uu0731-7fcb40b862ebb6caea6afbecdfb72f29 '   itemscope=\"itemscope\" itemtype=\"https:\/\/schema.org\/CreativeWork\" ><div class='avia_textblock'  itemprop=\"text\" ><h3 style=\"text-align: center;\">Do you want to sell your boat?<\/h3>\n<p style=\"text-align: center;\"><strong>At Castaner Yachts we offer you a complete and personalized service:<\/strong><\/p>\n<\/div><\/section>\n<div  class='flex_column av-6bi77j-43f32dd7e364b02e50eb8a90babd1750 av_one_third  avia-builder-el-2  el_after_av_textblock  el_before_av_one_third  first flex_column_div  column-top-margin'     ><p>\n<style type=\"text\/css\" data-created_by=\"avia_inline_auto\" id=\"style-css-av-m66etxiq-a909099d88dea53fda11602e885e86eb\">\n.av_font_icon.av-m66etxiq-a909099d88dea53fda11602e885e86eb{\ncolor:#0a0720;\nborder-color:#0a0720;\n}\n.avia-svg-icon.av-m66etxiq-a909099d88dea53fda11602e885e86eb svg:first-child{\nstroke:#0a0720;\nfill:#0a0720;\n}\n.av_font_icon.av-m66etxiq-a909099d88dea53fda11602e885e86eb .av-icon-char{\nfont-size:30px;\nline-height:30px;\nwidth:30px;\n}\n<\/style>\n<span  class='av_font_icon av-m66etxiq-a909099d88dea53fda11602e885e86eb avia_animate_when_visible av-icon-style-border avia-icon-pos-center avia-iconfont avia-font-entypo-fontello avia-icon-animate'><span class='av-icon-char' data-av_icon='\ue864' data-av_iconfont='entypo-fontello' aria-hidden=\"true\" ><\/span><\/span><br \/>\n<section  class='av_textblock_section av-m0uvtvp5-eaada465ce6a1890ebc8711cfb22fa4a '   itemscope=\"itemscope\" itemtype=\"https:\/\/schema.org\/CreativeWork\" ><div class='avia_textblock'  itemprop=\"text\" ><p style=\"text-align: center;\"><strong>EXPERT KNOWLEDGE:<\/strong><br \/>\nWe thoroughly evaluate your boat and advise you on its real market value.<\/p>\n<\/div><\/section><\/p><\/div>\n<div  class='flex_column av-19ooafz-2985951475222b93836b4aa74b12bbdc av_one_third  avia-builder-el-5  el_after_av_one_third  el_before_av_one_third  flex_column_div  column-top-margin'     ><p>\n<style type=\"text\/css\" data-created_by=\"avia_inline_auto\" id=\"style-css-av-m0uvu32n-c546c6157ab654f24b4f2b61af98aa30\">\n.av_font_icon.av-m0uvu32n-c546c6157ab654f24b4f2b61af98aa30{\ncolor:#0a0720;\nborder-color:#0a0720;\n}\n.avia-svg-icon.av-m0uvu32n-c546c6157ab654f24b4f2b61af98aa30 svg:first-child{\nstroke:#0a0720;\nfill:#0a0720;\n}\n.av_font_icon.av-m0uvu32n-c546c6157ab654f24b4f2b61af98aa30 .av-icon-char{\nfont-size:30px;\nline-height:30px;\nwidth:30px;\n}\n<\/style>\n<span  class='av_font_icon av-m0uvu32n-c546c6157ab654f24b4f2b61af98aa30 avia_animate_when_visible av-icon-style-border avia-icon-pos-center avia-iconfont avia-font-entypo-fontello avia-icon-animate'><span class='av-icon-char' data-av_icon='\ue859' data-av_iconfont='entypo-fontello' aria-hidden=\"true\" ><\/span><\/span><br \/>\n<section  class='av_textblock_section av-m0uvuev2-9cc8904dd54e9facd385f3d5d5d7c69d '   itemscope=\"itemscope\" itemtype=\"https:\/\/schema.org\/CreativeWork\" ><div class='avia_textblock'  itemprop=\"text\" ><p style=\"text-align: center;\"><strong>SPECIALIZED SALES:<\/strong><br \/>\nWe reach a wide audience of potential buyers through our specialized channels.<\/p>\n<\/div><\/section><\/p><\/div>\n<div  class='flex_column av-s03mfz-86a1426fd21042869cb6aaeb60378762 av_one_third  avia-builder-el-8  el_after_av_one_third  el_before_av_one_half  flex_column_div  column-top-margin'     ><p>\n<style type=\"text\/css\" data-created_by=\"avia_inline_auto\" id=\"style-css-av-m0uvukhj-9f1b9b972e0701fcc8908dfec1b72b65\">\n.av_font_icon.av-m0uvukhj-9f1b9b972e0701fcc8908dfec1b72b65{\ncolor:#0a0720;\nborder-color:#0a0720;\n}\n.avia-svg-icon.av-m0uvukhj-9f1b9b972e0701fcc8908dfec1b72b65 svg:first-child{\nstroke:#0a0720;\nfill:#0a0720;\n}\n.av_font_icon.av-m0uvukhj-9f1b9b972e0701fcc8908dfec1b72b65 .av-icon-char{\nfont-size:30px;\nline-height:30px;\nwidth:30px;\n}\n<\/style>\n<span  class='av_font_icon av-m0uvukhj-9f1b9b972e0701fcc8908dfec1b72b65 avia_animate_when_visible av-icon-style-border avia-icon-pos-center avia-iconfont avia-font-entypo-fontello avia-icon-animate'><span class='av-icon-char' data-av_icon='\ue80c' data-av_iconfont='entypo-fontello' aria-hidden=\"true\" ><\/span><\/span><br \/>\n<section  class='av_textblock_section av-m0uvuw81-8830c2f06503d3c731868d5b8139f78c '   itemscope=\"itemscope\" itemtype=\"https:\/\/schema.org\/CreativeWork\" ><div class='avia_textblock'  itemprop=\"text\" ><p style=\"text-align: center;\"><strong>PROFESSIONAL MANAGEMENT:<\/strong><br \/>\nWe take care of the entire process, from negotiation to signing the contract.<\/p>\n<\/div><\/section><\/p><\/div>\n\n<style type=\"text\/css\" data-created_by=\"avia_inline_auto\" id=\"style-css-av-1h1m6ms-4281231663d25a90c72969d3454e675e\">\n.flex_column.av-1h1m6ms-4281231663d25a90c72969d3454e675e{\nborder-radius:0px 0px 0px 0px;\npadding:0px 0px 0px 0px;\n}\n<\/style>\n<div  class='flex_column av-1h1m6ms-4281231663d25a90c72969d3454e675e av_one_half  avia-builder-el-11  el_after_av_one_third  el_before_av_one_half  first flex_column_div av-zero-column-padding  column-top-margin'     ><section  class='av_textblock_section av-14h0gk4-404137e0a313726de0432c075b317fdf '   itemscope=\"itemscope\" itemtype=\"https:\/\/schema.org\/CreativeWork\" ><div class='avia_textblock'  itemprop=\"text\" ><h3>Do you want to sell your boat?<\/h3>\n<\/div><\/section><br \/>\n<\/p><\/div>\n<style type=\"text\/css\" data-created_by=\"avia_inline_auto\" id=\"style-css-av-5lh1fsk-87cc8d3e898911cad8134e21fc6e292d\">\n.flex_column.av-5lh1fsk-87cc8d3e898911cad8134e21fc6e292d{\nborder-radius:0px 0px 0px 0px;\npadding:0px 0px 0px 0px;\n}\n<\/style>\n<div  class='flex_column av-5lh1fsk-87cc8d3e898911cad8134e21fc6e292d av_one_half  avia-builder-el-14  el_after_av_one_half  avia-builder-el-last  flex_column_div av-zero-column-padding  column-top-margin'     ><p>\n<style type=\"text\/css\" data-created_by=\"avia_inline_auto\" id=\"style-css-av-55ee8yc-c0ed6b2452b6586b6f2c3a59e0a569f8\">\n.avia-image-container.av-55ee8yc-c0ed6b2452b6586b6f2c3a59e0a569f8 img.avia_image{\nbox-shadow:none;\n}\n.avia-image-container.av-55ee8yc-c0ed6b2452b6586b6f2c3a59e0a569f8 .av-image-caption-overlay-center{\ncolor:#ffffff;\n}\n<\/style>\n<div  class='avia-image-container av-55ee8yc-c0ed6b2452b6586b6f2c3a59e0a569f8 av-styling- avia-align-center  avia-builder-el-15  el_before_av_textblock  avia-builder-el-first '   itemprop=\"image\" itemscope=\"itemscope\" itemtype=\"https:\/\/schema.org\/ImageObject\" ><div class=\"avia-image-container-inner\"><div class=\"avia-image-overlay-wrap\"><img decoding=\"async\" fetchpriority=\"high\" class='wp-image-27610 avia-img-lazy-loading-not-27610 avia_image ' src=\"https:\/\/castaner-yachts.com\/wp-content\/uploads\/2025\/05\/ICY-MARCAS_FACTURA-PRESUPUESTOS_pie-newsletter-Inaki-y-Selma_OPT.png\" alt='Logo I\u00f1aki Casta\u00f1er Yachts con las fotos del CEP I\u00f1aki Casta\u00f1er y de Managing Director Selma Torres' title='ICY-MARCAS_FACTURA-PRESUPUESTOS_pie newsletter - I\u00f1aki y Selma_OPT'  height=\"446\" width=\"1554\"  itemprop=\"thumbnailUrl\" srcset=\"https:\/\/castaner-yachts.com\/wp-content\/uploads\/2025\/05\/ICY-MARCAS_FACTURA-PRESUPUESTOS_pie-newsletter-Inaki-y-Selma_OPT.png 1554w, https:\/\/castaner-yachts.com\/wp-content\/uploads\/2025\/05\/ICY-MARCAS_FACTURA-PRESUPUESTOS_pie-newsletter-Inaki-y-Selma_OPT-300x86.png 300w, https:\/\/castaner-yachts.com\/wp-content\/uploads\/2025\/05\/ICY-MARCAS_FACTURA-PRESUPUESTOS_pie-newsletter-Inaki-y-Selma_OPT-1030x296.png 1030w, https:\/\/castaner-yachts.com\/wp-content\/uploads\/2025\/05\/ICY-MARCAS_FACTURA-PRESUPUESTOS_pie-newsletter-Inaki-y-Selma_OPT-768x220.png 768w, https:\/\/castaner-yachts.com\/wp-content\/uploads\/2025\/05\/ICY-MARCAS_FACTURA-PRESUPUESTOS_pie-newsletter-Inaki-y-Selma_OPT-1536x441.png 1536w, https:\/\/castaner-yachts.com\/wp-content\/uploads\/2025\/05\/ICY-MARCAS_FACTURA-PRESUPUESTOS_pie-newsletter-Inaki-y-Selma_OPT-1500x431.png 1500w, https:\/\/castaner-yachts.com\/wp-content\/uploads\/2025\/05\/ICY-MARCAS_FACTURA-PRESUPUESTOS_pie-newsletter-Inaki-y-Selma_OPT-705x202.png 705w\" sizes=\"(max-width: 1554px) 100vw, 1554px\" \/><\/div><\/div><\/div><br \/>\n<section  class='av_textblock_section av-4r4ag38-3235161ec606816652d89c9c87936e87 '   itemscope=\"itemscope\" itemtype=\"https:\/\/schema.org\/CreativeWork\" ><div class='avia_textblock'  itemprop=\"text\" ><h3 style=\"text-align: center;\">FIRST CLASS NEW AND SECOND HAND YACHTS<\/h3>\n<\/div><\/section><br \/>\n\n<style type=\"text\/css\" data-created_by=\"avia_inline_auto\" id=\"style-css-av-4em4llg-15e8b140140c05a3b38f89b7a6d1ad05\">\n#top .av_textblock_section.av-4em4llg-15e8b140140c05a3b38f89b7a6d1ad05 .avia_textblock{\ncolor:#eb5b52;\n}\n<\/style>\n<section  class='av_textblock_section av-4em4llg-15e8b140140c05a3b38f89b7a6d1ad05 '   itemscope=\"itemscope\" itemtype=\"https:\/\/schema.org\/CreativeWork\" ><div class='avia_textblock av_inherit_color'  itemprop=\"text\" ><p style=\"text-align: center;\">SAIL \u2013 MOTOR \u2013 CHARTER \u2013 HANDLING \u2013 DELIVERY<\/p>\n<\/div><\/section><br \/>\n\n<style type=\"text\/css\" data-created_by=\"avia_inline_auto\" id=\"style-css-av-3yam1uc-2edfee1cf4cba7ed90008ad9f79b15a7\">\n#top .avia-icon-list-container.av-3yam1uc-2edfee1cf4cba7ed90008ad9f79b15a7 .iconlist_icon{\nbackground-color:#0a0720;\n}\n<\/style>\n<div  class='avia-icon-list-container av-3yam1uc-2edfee1cf4cba7ed90008ad9f79b15a7  avia-builder-el-18  el_after_av_textblock  avia-builder-el-last '><ul class='avia-icon-list avia_animate_when_almost_visible avia-icon-list-left av-iconlist-big av-3yam1uc-2edfee1cf4cba7ed90008ad9f79b15a7 avia-iconlist-animate'>\n<li><div class='iconlist_icon av-3c2yr90-16c37004c85b3b7f931b222d501eedeb avia-font-entypo-fontello avia-iconfont avia-font-entypo-fontello'><span class='av-icon-char' data-av_icon='\ue842' data-av_iconfont='entypo-fontello' aria-hidden=\"true\"><\/span><\/div><article class=\"article-icon-entry \"  itemscope=\"itemscope\" itemtype=\"https:\/\/schema.org\/CreativeWork\" ><div class=\"iconlist_content_wrap\"><header class=\"entry-content-header\" aria-label=\"Icon: Office Sotogrande\"><h4 class='av_iconlist_title iconlist_title  '  itemprop=\"headline\" >Office Sotogrande<\/h4><\/header><div class='iconlist_content '  itemprop=\"text\" ><p>Puerto de Sotogrande<br \/>\nOffice 6-A \/ Block E<br \/>\n11310 San Roque, C\u00e1diz \u00b7 Spain<\/p>\n<\/div><\/div><footer class=\"entry-footer\"><\/footer><\/article><div class=\"iconlist-timeline\"><\/div><\/li>\n<li><div class='iconlist_icon av-3c2yr90-4-b84985b2f3a54d4184a46926c1ad0837 avia-font-entypo-fontello avia-iconfont avia-font-entypo-fontello'><span class='av-icon-char' data-av_icon='\ue842' data-av_iconfont='entypo-fontello' aria-hidden=\"true\"><\/span><\/div><article class=\"article-icon-entry \"  itemscope=\"itemscope\" itemtype=\"https:\/\/schema.org\/CreativeWork\" ><div class=\"iconlist_content_wrap\"><header class=\"entry-content-header\" aria-label=\"Icon: Office Marbella\"><h4 class='av_iconlist_title iconlist_title  '  itemprop=\"headline\" >Office Marbella<\/h4><\/header><div class='iconlist_content '  itemprop=\"text\" ><p>Melior Vasari Business Center<br \/>\nUrb. La Alzambra, local 3-1<br \/>\n29660 Marbella, M\u00e1laga \u00b7 Spain<\/p>\n<\/div><\/div><footer class=\"entry-footer\"><\/footer><\/article><div class=\"iconlist-timeline\"><\/div><\/li>\n<li><div class='iconlist_icon av-33r0kok-1e224c35d0047ba72a28a1249e929be2 avia-font-entypo-fontello avia-iconfont avia-font-entypo-fontello'><span class='av-icon-char' data-av_icon='\ue805' data-av_iconfont='entypo-fontello' aria-hidden=\"true\"><\/span><\/div><article class=\"article-icon-entry \"  itemscope=\"itemscope\" itemtype=\"https:\/\/schema.org\/CreativeWork\" ><div class=\"iconlist_content_wrap\"><header class=\"entry-content-header\" aria-label=\"Icon: \"><\/header><div class='iconlist_content '  itemprop=\"text\" ><p><a href=\"mailto:info@castaner-yachts.com\">info@castaner-yachts.com<\/a><\/p>\n<\/div><\/div><footer class=\"entry-footer\"><\/footer><\/article><div class=\"iconlist-timeline\"><\/div><\/li>\n<li><div class='iconlist_icon av-2onftdg-f5bf00f62d55944fc9dc965ecfcd2264 avia-font-entypo-fontello avia-iconfont avia-font-entypo-fontello'><span class='av-icon-char' data-av_icon='\ue854' data-av_iconfont='entypo-fontello' aria-hidden=\"true\"><\/span><\/div><article class=\"article-icon-entry \"  itemscope=\"itemscope\" itemtype=\"https:\/\/schema.org\/CreativeWork\" ><div class=\"iconlist_content_wrap\"><header class=\"entry-content-header\" aria-label=\"Icon: \"><\/header><div class='iconlist_content '  itemprop=\"text\" ><p>T. + 34 951 319 756<\/p>\n<\/div><\/div><footer class=\"entry-footer\"><\/footer><\/article><div class=\"iconlist-timeline\"><\/div><\/li>\n<li><div class='iconlist_icon av-26db99w-45dc73806e02df5ce4c245c0af6c449a avia-font-entypo-fontello avia-iconfont avia-font-entypo-fontello'><span class='av-icon-char' data-av_icon='\uf232' data-av_iconfont='entypo-fontello' aria-hidden=\"true\"><\/span><\/div><article class=\"article-icon-entry \"  itemscope=\"itemscope\" itemtype=\"https:\/\/schema.org\/CreativeWork\" ><div class=\"iconlist_content_wrap\"><header class=\"entry-content-header\" aria-label=\"Icon: \"><\/header><div class='iconlist_content '  itemprop=\"text\" ><p>M. <a href=\"https:\/\/wa.me\/34600424210\">+34 600 424 210<\/a><br \/>\nM. <a href=\"https:\/\/wa.me\/34670557349\">+34 670 557 349<\/a><\/p>\n<\/div><\/div><footer class=\"entry-footer\"><\/footer><\/article><div class=\"iconlist-timeline\"><\/div><\/li>\n<\/ul><\/div><\/p><\/div><\/p>\n","protected":false},"excerpt":{"rendered":"","protected":false},"author":2,"featured_media":0,"parent":0,"menu_order":0,"comment_status":"closed","ping_status":"closed","template":"","meta":{"footnotes":""},"class_list":["post-21983","page","type-page","status-publish","hentry"],"yoast_head":"<!-- This site is optimized with the Yoast SEO plugin v27.4 - https:\/\/yoast.com\/product\/yoast-seo-wordpress\/ -->\n<title>Sell your boat - I. Casta\u00f1er Yachts. Venta de Barcos nuevos y de segunda mano<\/title>\n<meta name=\"robots\" content=\"index, follow, max-snippet:-1, max-image-preview:large, max-video-preview:-1\" \/>\n<link rel=\"canonical\" href=\"https:\/\/castaner-yachts.com\/en\/sell-your-boat\/\" \/>\n<meta property=\"og:locale\" content=\"en_US\" \/>\n<meta property=\"og:type\" content=\"article\" \/>\n<meta property=\"og:title\" content=\"Sell your boat - I. Casta\u00f1er Yachts. Venta de Barcos nuevos y de segunda mano\" \/>\n<meta property=\"og:url\" content=\"https:\/\/castaner-yachts.com\/en\/sell-your-boat\/\" \/>\n<meta property=\"og:site_name\" content=\"I. Casta\u00f1er Yachts. Venta de Barcos nuevos y de segunda mano\" \/>\n<meta property=\"article:modified_time\" content=\"2025-07-31T13:17:01+00:00\" \/>\n<meta name=\"twitter:card\" content=\"summary_large_image\" \/>\n<meta name=\"twitter:label1\" content=\"Est. reading time\" \/>\n\t<meta name=\"twitter:data1\" content=\"1 minute\" \/>\n<script type=\"application\/ld+json\" class=\"yoast-schema-graph\">{\"@context\":\"https:\\\/\\\/schema.org\",\"@graph\":[{\"@type\":\"WebPage\",\"@id\":\"https:\\\/\\\/castaner-yachts.com\\\/en\\\/sell-your-boat\\\/\",\"url\":\"https:\\\/\\\/castaner-yachts.com\\\/en\\\/sell-your-boat\\\/\",\"name\":\"Sell your boat - I. Casta\u00f1er Yachts. Venta de Barcos nuevos y de segunda mano\",\"isPartOf\":{\"@id\":\"https:\\\/\\\/castaner-yachts.com\\\/#website\"},\"datePublished\":\"2024-09-09T09:56:51+00:00\",\"dateModified\":\"2025-07-31T13:17:01+00:00\",\"breadcrumb\":{\"@id\":\"https:\\\/\\\/castaner-yachts.com\\\/en\\\/sell-your-boat\\\/#breadcrumb\"},\"inLanguage\":\"en-US\",\"potentialAction\":[{\"@type\":\"ReadAction\",\"target\":[\"https:\\\/\\\/castaner-yachts.com\\\/en\\\/sell-your-boat\\\/\"]}]},{\"@type\":\"BreadcrumbList\",\"@id\":\"https:\\\/\\\/castaner-yachts.com\\\/en\\\/sell-your-boat\\\/#breadcrumb\",\"itemListElement\":[{\"@type\":\"ListItem\",\"position\":1,\"name\":\"Portada\",\"item\":\"https:\\\/\\\/castaner-yachts.com\\\/en\\\/\"},{\"@type\":\"ListItem\",\"position\":2,\"name\":\"Sell your boat\"}]},{\"@type\":\"WebSite\",\"@id\":\"https:\\\/\\\/castaner-yachts.com\\\/#website\",\"url\":\"https:\\\/\\\/castaner-yachts.com\\\/\",\"name\":\"I. Casta\u00f1er Yachts. Venta de Barcos nuevos y de segunda mano\",\"description\":\"\",\"publisher\":{\"@id\":\"https:\\\/\\\/castaner-yachts.com\\\/#organization\"},\"potentialAction\":[{\"@type\":\"SearchAction\",\"target\":{\"@type\":\"EntryPoint\",\"urlTemplate\":\"https:\\\/\\\/castaner-yachts.com\\\/?s={search_term_string}\"},\"query-input\":{\"@type\":\"PropertyValueSpecification\",\"valueRequired\":true,\"valueName\":\"search_term_string\"}}],\"inLanguage\":\"en-US\"},{\"@type\":\"Organization\",\"@id\":\"https:\\\/\\\/castaner-yachts.com\\\/#organization\",\"name\":\"Casta\u00f1er Yachts\",\"url\":\"https:\\\/\\\/castaner-yachts.com\\\/\",\"logo\":{\"@type\":\"ImageObject\",\"inLanguage\":\"en-US\",\"@id\":\"https:\\\/\\\/castaner-yachts.com\\\/#\\\/schema\\\/logo\\\/image\\\/\",\"url\":\"https:\\\/\\\/castaner-yachts.com\\\/wp-content\\\/uploads\\\/2019\\\/07\\\/ICY-Icon.png\",\"contentUrl\":\"https:\\\/\\\/castaner-yachts.com\\\/wp-content\\\/uploads\\\/2019\\\/07\\\/ICY-Icon.png\",\"width\":92,\"height\":86,\"caption\":\"Casta\u00f1er Yachts\"},\"image\":{\"@id\":\"https:\\\/\\\/castaner-yachts.com\\\/#\\\/schema\\\/logo\\\/image\\\/\"}}]}<\/script>\n<!-- \/ Yoast SEO plugin. -->","yoast_head_json":{"title":"Sell your boat - I. Casta\u00f1er Yachts. Venta de Barcos nuevos y de segunda mano","robots":{"index":"index","follow":"follow","max-snippet":"max-snippet:-1","max-image-preview":"max-image-preview:large","max-video-preview":"max-video-preview:-1"},"canonical":"https:\/\/castaner-yachts.com\/en\/sell-your-boat\/","og_locale":"en_US","og_type":"article","og_title":"Sell your boat - I. Casta\u00f1er Yachts. Venta de Barcos nuevos y de segunda mano","og_url":"https:\/\/castaner-yachts.com\/en\/sell-your-boat\/","og_site_name":"I. Casta\u00f1er Yachts. Venta de Barcos nuevos y de segunda mano","article_modified_time":"2025-07-31T13:17:01+00:00","twitter_card":"summary_large_image","twitter_misc":{"Est. reading time":"1 minute"},"schema":{"@context":"https:\/\/schema.org","@graph":[{"@type":"WebPage","@id":"https:\/\/castaner-yachts.com\/en\/sell-your-boat\/","url":"https:\/\/castaner-yachts.com\/en\/sell-your-boat\/","name":"Sell your boat - I. Casta\u00f1er Yachts. Venta de Barcos nuevos y de segunda mano","isPartOf":{"@id":"https:\/\/castaner-yachts.com\/#website"},"datePublished":"2024-09-09T09:56:51+00:00","dateModified":"2025-07-31T13:17:01+00:00","breadcrumb":{"@id":"https:\/\/castaner-yachts.com\/en\/sell-your-boat\/#breadcrumb"},"inLanguage":"en-US","potentialAction":[{"@type":"ReadAction","target":["https:\/\/castaner-yachts.com\/en\/sell-your-boat\/"]}]},{"@type":"BreadcrumbList","@id":"https:\/\/castaner-yachts.com\/en\/sell-your-boat\/#breadcrumb","itemListElement":[{"@type":"ListItem","position":1,"name":"Portada","item":"https:\/\/castaner-yachts.com\/en\/"},{"@type":"ListItem","position":2,"name":"Sell your boat"}]},{"@type":"WebSite","@id":"https:\/\/castaner-yachts.com\/#website","url":"https:\/\/castaner-yachts.com\/","name":"I. Casta\u00f1er Yachts. Venta de Barcos nuevos y de segunda mano","description":"","publisher":{"@id":"https:\/\/castaner-yachts.com\/#organization"},"potentialAction":[{"@type":"SearchAction","target":{"@type":"EntryPoint","urlTemplate":"https:\/\/castaner-yachts.com\/?s={search_term_string}"},"query-input":{"@type":"PropertyValueSpecification","valueRequired":true,"valueName":"search_term_string"}}],"inLanguage":"en-US"},{"@type":"Organization","@id":"https:\/\/castaner-yachts.com\/#organization","name":"Casta\u00f1er Yachts","url":"https:\/\/castaner-yachts.com\/","logo":{"@type":"ImageObject","inLanguage":"en-US","@id":"https:\/\/castaner-yachts.com\/#\/schema\/logo\/image\/","url":"https:\/\/castaner-yachts.com\/wp-content\/uploads\/2019\/07\/ICY-Icon.png","contentUrl":"https:\/\/castaner-yachts.com\/wp-content\/uploads\/2019\/07\/ICY-Icon.png","width":92,"height":86,"caption":"Casta\u00f1er Yachts"},"image":{"@id":"https:\/\/castaner-yachts.com\/#\/schema\/logo\/image\/"}}]}},"_links":{"self":[{"href":"https:\/\/castaner-yachts.com\/en\/wp-json\/wp\/v2\/pages\/21983","targetHints":{"allow":["GET"]}}],"collection":[{"href":"https:\/\/castaner-yachts.com\/en\/wp-json\/wp\/v2\/pages"}],"about":[{"href":"https:\/\/castaner-yachts.com\/en\/wp-json\/wp\/v2\/types\/page"}],"author":[{"embeddable":true,"href":"https:\/\/castaner-yachts.com\/en\/wp-json\/wp\/v2\/users\/2"}],"replies":[{"embeddable":true,"href":"https:\/\/castaner-yachts.com\/en\/wp-json\/wp\/v2\/comments?post=21983"}],"version-history":[{"count":0,"href":"https:\/\/castaner-yachts.com\/en\/wp-json\/wp\/v2\/pages\/21983\/revisions"}],"wp:attachment":[{"href":"https:\/\/castaner-yachts.com\/en\/wp-json\/wp\/v2\/media?parent=21983"}],"curies":[{"name":"wp","href":"https:\/\/api.w.org\/{rel}","templated":true}]}}