{"id":879,"date":"2019-03-26T09:10:49","date_gmt":"2019-03-26T08:10:49","guid":{"rendered":"http:\/\/icastaner.desarrollowebenmalaga.com\/contacto\/"},"modified":"2026-03-26T12:15:08","modified_gmt":"2026-03-26T11:15:08","slug":"contact","status":"publish","type":"page","link":"https:\/\/castaner-yachts.com\/en\/contact\/","title":{"rendered":"Contact"},"content":{"rendered":"<section  class='av_textblock_section av-juvevw1j-23f5a65daae582343b76f79bfe801a45 '   itemscope=\"itemscope\" itemtype=\"https:\/\/schema.org\/CreativeWork\" ><div class='avia_textblock'  itemprop=\"text\" ><h1 style=\"text-align: center;\">Contact<\/h1>\n<\/div><\/section>\n\n<style type=\"text\/css\" data-created_by=\"avia_inline_auto\" id=\"style-css-av-1pyko-6be9473fae6e0b83b90d340d804c9972\">\n.flex_column.av-1pyko-6be9473fae6e0b83b90d340d804c9972{\nborder-radius:0px 0px 0px 0px;\npadding:0px 0px 0px 0px;\n}\n<\/style>\n<div  class='flex_column av-1pyko-6be9473fae6e0b83b90d340d804c9972 av_one_half  avia-builder-el-1  el_after_av_textblock  el_before_av_one_half  first flex_column_div av-zero-column-padding  column-top-margin'     ><p>\n<style type=\"text\/css\" data-created_by=\"avia_inline_auto\" id=\"style-css-av-juld5ikr-1acfc9da354b9007cbdd2038f1f88bea\">\n.avia-image-container.av-juld5ikr-1acfc9da354b9007cbdd2038f1f88bea img.avia_image{\nbox-shadow:none;\n}\n.avia-image-container.av-juld5ikr-1acfc9da354b9007cbdd2038f1f88bea .av-image-caption-overlay-center{\ncolor:#ffffff;\n}\n<\/style>\n<div  class='avia-image-container av-juld5ikr-1acfc9da354b9007cbdd2038f1f88bea av-styling- avia-align-center  avia-builder-el-2  el_before_av_textblock  avia-builder-el-first '   itemprop=\"image\" itemscope=\"itemscope\" itemtype=\"https:\/\/schema.org\/ImageObject\" ><div class=\"avia-image-container-inner\"><div class=\"avia-image-overlay-wrap\"><img decoding=\"async\" fetchpriority=\"high\" class='wp-image-27610 avia-img-lazy-loading-not-27610 avia_image ' src=\"https:\/\/castaner-yachts.com\/wp-content\/uploads\/2025\/05\/ICY-MARCAS_FACTURA-PRESUPUESTOS_pie-newsletter-Inaki-y-Selma_OPT.png\" alt='Logo I\u00f1aki Casta\u00f1er Yachts con las fotos del CEP I\u00f1aki Casta\u00f1er y de Managing Director Selma Torres' title='ICY-MARCAS_FACTURA-PRESUPUESTOS_pie newsletter - I\u00f1aki y Selma_OPT'  height=\"446\" width=\"1554\"  itemprop=\"thumbnailUrl\" srcset=\"https:\/\/castaner-yachts.com\/wp-content\/uploads\/2025\/05\/ICY-MARCAS_FACTURA-PRESUPUESTOS_pie-newsletter-Inaki-y-Selma_OPT.png 1554w, https:\/\/castaner-yachts.com\/wp-content\/uploads\/2025\/05\/ICY-MARCAS_FACTURA-PRESUPUESTOS_pie-newsletter-Inaki-y-Selma_OPT-300x86.png 300w, https:\/\/castaner-yachts.com\/wp-content\/uploads\/2025\/05\/ICY-MARCAS_FACTURA-PRESUPUESTOS_pie-newsletter-Inaki-y-Selma_OPT-1030x296.png 1030w, https:\/\/castaner-yachts.com\/wp-content\/uploads\/2025\/05\/ICY-MARCAS_FACTURA-PRESUPUESTOS_pie-newsletter-Inaki-y-Selma_OPT-768x220.png 768w, https:\/\/castaner-yachts.com\/wp-content\/uploads\/2025\/05\/ICY-MARCAS_FACTURA-PRESUPUESTOS_pie-newsletter-Inaki-y-Selma_OPT-1536x441.png 1536w, https:\/\/castaner-yachts.com\/wp-content\/uploads\/2025\/05\/ICY-MARCAS_FACTURA-PRESUPUESTOS_pie-newsletter-Inaki-y-Selma_OPT-1500x431.png 1500w, https:\/\/castaner-yachts.com\/wp-content\/uploads\/2025\/05\/ICY-MARCAS_FACTURA-PRESUPUESTOS_pie-newsletter-Inaki-y-Selma_OPT-705x202.png 705w\" sizes=\"(max-width: 1554px) 100vw, 1554px\" \/><\/div><\/div><\/div><br \/>\n<section  class='av_textblock_section av-yzqo-a349374f1d8799c302c81dec7ec02f6b '   itemscope=\"itemscope\" itemtype=\"https:\/\/schema.org\/CreativeWork\" ><div class='avia_textblock'  itemprop=\"text\" ><h3 style=\"text-align: center;\">FIRST CLASS NEW AND SECOND HAND YACHTS<\/h3>\n<\/div><\/section><br \/>\n\n<style type=\"text\/css\" data-created_by=\"avia_inline_auto\" id=\"style-css-av-yzqo-3-2dfde82e03cf4c11ba30c95ad2b78673\">\n#top .av_textblock_section.av-yzqo-3-2dfde82e03cf4c11ba30c95ad2b78673 .avia_textblock{\ncolor:#e0152a;\n}\n<\/style>\n<section  class='av_textblock_section av-yzqo-3-2dfde82e03cf4c11ba30c95ad2b78673 '   itemscope=\"itemscope\" itemtype=\"https:\/\/schema.org\/CreativeWork\" ><div class='avia_textblock av_inherit_color'  itemprop=\"text\" ><p style=\"text-align: center;\">SAIL &#8211; MOTOR &#8211; CHARTER &#8211; HANDLING &#8211; DELIVERY<\/p>\n<\/div><\/section><br \/>\n\n<style type=\"text\/css\" data-created_by=\"avia_inline_auto\" id=\"style-css-av-juld4pfo-121cf4682028a8ff2a18c367d199678f\">\n#top .avia-icon-list-container.av-juld4pfo-121cf4682028a8ff2a18c367d199678f .iconlist_icon{\nbackground-color:#0a0720;\n}\n<\/style>\n<div  class='avia-icon-list-container av-juld4pfo-121cf4682028a8ff2a18c367d199678f  avia-builder-el-5  el_after_av_textblock  avia-builder-el-last '><ul class='avia-icon-list avia_animate_when_almost_visible avia-icon-list-left av-iconlist-big av-juld4pfo-121cf4682028a8ff2a18c367d199678f avia-iconlist-animate'>\n<li><div class='iconlist_icon av-m699b9mv-8042bf821feb261551cdd05956442f95 avia-font-entypo-fontello avia-iconfont avia-font-entypo-fontello'><span class='av-icon-char' data-av_icon='\ue842' data-av_iconfont='entypo-fontello' aria-hidden=\"true\"><\/span><\/div><article class=\"article-icon-entry \"  itemscope=\"itemscope\" itemtype=\"https:\/\/schema.org\/CreativeWork\" ><div class=\"iconlist_content_wrap\"><header class=\"entry-content-header\" aria-label=\"Icon: Office Sotogrande\"><h4 class='av_iconlist_title iconlist_title  '  itemprop=\"headline\" >Office Sotogrande<\/h4><\/header><div class='iconlist_content '  itemprop=\"text\" ><p>Puerto de Sotogrande<br \/>\nOffice 6-A \/ Block E<br \/>\n11310 San Roque, C\u00e1diz \u00b7 Spain<br \/>\nSchedule: 10h a 15:30h (L a V)<\/p>\n<\/div><\/div><footer class=\"entry-footer\"><\/footer><\/article><div class=\"iconlist-timeline\"><\/div><\/li>\n<li><div class='iconlist_icon av-m699b9mv-2-ba5cd8aba21c0331c1feec6507255c3d avia-font-entypo-fontello avia-iconfont avia-font-entypo-fontello'><span class='av-icon-char' data-av_icon='\ue842' data-av_iconfont='entypo-fontello' aria-hidden=\"true\"><\/span><\/div><article class=\"article-icon-entry \"  itemscope=\"itemscope\" itemtype=\"https:\/\/schema.org\/CreativeWork\" ><div class=\"iconlist_content_wrap\"><header class=\"entry-content-header\" aria-label=\"Icon: Office Marbella\"><h4 class='av_iconlist_title iconlist_title  '  itemprop=\"headline\" >Office Marbella<\/h4><\/header><div class='iconlist_content '  itemprop=\"text\" ><p>Melior Vasari Business Center<br \/>\nUrb. La Alzambra, local 3-1<br \/>\n29660 Marbella, M\u00e1laga \u00b7 Spain<br \/>\nSchedule: 10h a 20h (L a S)<\/p>\n<\/div><\/div><footer class=\"entry-footer\"><\/footer><\/article><div class=\"iconlist-timeline\"><\/div><\/li>\n<li><div class='iconlist_icon av-2depk-1945e381e7ac5531437a4039afab034f avia-font-entypo-fontello avia-iconfont avia-font-entypo-fontello'><span class='av-icon-char' data-av_icon='\ue805' data-av_iconfont='entypo-fontello' aria-hidden=\"true\"><\/span><\/div><article class=\"article-icon-entry \"  itemscope=\"itemscope\" itemtype=\"https:\/\/schema.org\/CreativeWork\" ><div class=\"iconlist_content_wrap\"><header class=\"entry-content-header\" aria-label=\"Icon: \"><\/header><div class='iconlist_content '  itemprop=\"text\" ><p><a href=\"mailto:info@castaner-yachts.com\">info@castaner-yachts.com<\/a><\/p>\n<\/div><\/div><footer class=\"entry-footer\"><\/footer><\/article><div class=\"iconlist-timeline\"><\/div><\/li>\n<li><div class='iconlist_icon av-1o0fo-7a3c58de581e6dc641648f5ae7393b82 avia-font-entypo-fontello avia-iconfont avia-font-entypo-fontello'><span class='av-icon-char' data-av_icon='\ue854' data-av_iconfont='entypo-fontello' aria-hidden=\"true\"><\/span><\/div><article class=\"article-icon-entry \"  itemscope=\"itemscope\" itemtype=\"https:\/\/schema.org\/CreativeWork\" ><div class=\"iconlist_content_wrap\"><header class=\"entry-content-header\" aria-label=\"Icon: \"><\/header><div class='iconlist_content '  itemprop=\"text\" ><p>OFFICE SOTOGRANDE: +34 956 790 025<br \/>\nOFFICE MARBELLA: +34 951 319 756<\/p>\n<\/div><\/div><footer class=\"entry-footer\"><\/footer><\/article><div class=\"iconlist-timeline\"><\/div><\/li>\n<li><div class='iconlist_icon av-kviajgaf-7f2b345f3d1ed1db182be639397d4ed8 avia-font-entypo-fontello avia-iconfont avia-font-entypo-fontello'><span class='av-icon-char' data-av_icon='\uf232' data-av_iconfont='entypo-fontello' aria-hidden=\"true\"><\/span><\/div><article class=\"article-icon-entry \"  itemscope=\"itemscope\" itemtype=\"https:\/\/schema.org\/CreativeWork\" ><div class=\"iconlist_content_wrap\"><header class=\"entry-content-header\" aria-label=\"Icon: \"><\/header><div class='iconlist_content '  itemprop=\"text\" ><p>M. <a href=\"https:\/\/wa.me\/34600424210\">+34 600 424 210<\/a><br \/>\nM. <a href=\"https:\/\/wa.me\/34670557349\">+34 670 557 349<\/a><\/p>\n<\/div><\/div><footer class=\"entry-footer\"><\/footer><\/article><div class=\"iconlist-timeline\"><\/div><\/li>\n<\/ul><\/div><\/p><\/div>\n<style type=\"text\/css\" data-created_by=\"avia_inline_auto\" id=\"style-css-av-aorrb-56d5c5096ff5d4e4c0fbe59dd7c301de\">\n.flex_column.av-aorrb-56d5c5096ff5d4e4c0fbe59dd7c301de{\nborder-radius:0px 0px 0px 0px;\npadding:0px 0px 0px 0px;\n}\n<\/style>\n<div  class='flex_column av-aorrb-56d5c5096ff5d4e4c0fbe59dd7c301de av_one_half  avia-builder-el-6  el_after_av_one_half  avia-builder-el-last  flex_column_div av-zero-column-padding  column-top-margin'     ><section  class='av_textblock_section av-juwn38cc-bad6954951f888080a8c699715568a44 '   itemscope=\"itemscope\" itemtype=\"https:\/\/schema.org\/CreativeWork\" ><div class='avia_textblock'  itemprop=\"text\" ><h3>Send an e-mail:<\/h3>\n<\/div><\/section><br \/>\n<\/p><\/div><\/p>\n","protected":false},"excerpt":{"rendered":"","protected":false},"author":2,"featured_media":0,"parent":0,"menu_order":0,"comment_status":"closed","ping_status":"closed","template":"","meta":{"footnotes":""},"class_list":["post-879","page","type-page","status-publish","hentry"],"yoast_head":"<!-- This site is optimized with the Yoast SEO plugin v27.4 - https:\/\/yoast.com\/product\/yoast-seo-wordpress\/ -->\n<title>Contact - I. Casta\u00f1er Yachts. Venta de Barcos nuevos y de segunda mano<\/title>\n<meta name=\"description\" content=\"P\u00e1gina de contacto de Casta\u00f1er Yachts, venta de barcos nuevos y de seguna mano con todas las garant\u00edas.\" \/>\n<meta name=\"robots\" content=\"index, follow, max-snippet:-1, max-image-preview:large, max-video-preview:-1\" \/>\n<link rel=\"canonical\" href=\"https:\/\/castaner-yachts.com\/en\/contact\/\" \/>\n<meta property=\"og:locale\" content=\"en_US\" \/>\n<meta property=\"og:type\" content=\"article\" \/>\n<meta property=\"og:title\" content=\"Contact - I. Casta\u00f1er Yachts. Venta de Barcos nuevos y de segunda mano\" \/>\n<meta property=\"og:description\" content=\"P\u00e1gina de contacto de Casta\u00f1er Yachts, venta de barcos nuevos y de seguna mano con todas las garant\u00edas.\" \/>\n<meta property=\"og:url\" content=\"https:\/\/castaner-yachts.com\/en\/contact\/\" \/>\n<meta property=\"og:site_name\" content=\"I. Casta\u00f1er Yachts. Venta de Barcos nuevos y de segunda mano\" \/>\n<meta property=\"article:modified_time\" content=\"2026-03-26T11:15:08+00:00\" \/>\n<meta name=\"twitter:card\" content=\"summary_large_image\" \/>\n<meta name=\"twitter:label1\" content=\"Est. reading time\" \/>\n\t<meta name=\"twitter:data1\" content=\"1 minute\" \/>\n<script type=\"application\/ld+json\" class=\"yoast-schema-graph\">{\"@context\":\"https:\\\/\\\/schema.org\",\"@graph\":[{\"@type\":\"WebPage\",\"@id\":\"https:\\\/\\\/castaner-yachts.com\\\/en\\\/contact\\\/\",\"url\":\"https:\\\/\\\/castaner-yachts.com\\\/en\\\/contact\\\/\",\"name\":\"Contact - I. Casta\u00f1er Yachts. Venta de Barcos nuevos y de segunda mano\",\"isPartOf\":{\"@id\":\"https:\\\/\\\/castaner-yachts.com\\\/#website\"},\"datePublished\":\"2019-03-26T08:10:49+00:00\",\"dateModified\":\"2026-03-26T11:15:08+00:00\",\"description\":\"P\u00e1gina de contacto de Casta\u00f1er Yachts, venta de barcos nuevos y de seguna mano con todas las garant\u00edas.\",\"breadcrumb\":{\"@id\":\"https:\\\/\\\/castaner-yachts.com\\\/en\\\/contact\\\/#breadcrumb\"},\"inLanguage\":\"en-US\",\"potentialAction\":[{\"@type\":\"ReadAction\",\"target\":[\"https:\\\/\\\/castaner-yachts.com\\\/en\\\/contact\\\/\"]}]},{\"@type\":\"BreadcrumbList\",\"@id\":\"https:\\\/\\\/castaner-yachts.com\\\/en\\\/contact\\\/#breadcrumb\",\"itemListElement\":[{\"@type\":\"ListItem\",\"position\":1,\"name\":\"Portada\",\"item\":\"https:\\\/\\\/castaner-yachts.com\\\/en\\\/\"},{\"@type\":\"ListItem\",\"position\":2,\"name\":\"Contact\"}]},{\"@type\":\"WebSite\",\"@id\":\"https:\\\/\\\/castaner-yachts.com\\\/#website\",\"url\":\"https:\\\/\\\/castaner-yachts.com\\\/\",\"name\":\"I. Casta\u00f1er Yachts. Venta de Barcos nuevos y de segunda mano\",\"description\":\"\",\"publisher\":{\"@id\":\"https:\\\/\\\/castaner-yachts.com\\\/#organization\"},\"potentialAction\":[{\"@type\":\"SearchAction\",\"target\":{\"@type\":\"EntryPoint\",\"urlTemplate\":\"https:\\\/\\\/castaner-yachts.com\\\/?s={search_term_string}\"},\"query-input\":{\"@type\":\"PropertyValueSpecification\",\"valueRequired\":true,\"valueName\":\"search_term_string\"}}],\"inLanguage\":\"en-US\"},{\"@type\":\"Organization\",\"@id\":\"https:\\\/\\\/castaner-yachts.com\\\/#organization\",\"name\":\"Casta\u00f1er Yachts\",\"url\":\"https:\\\/\\\/castaner-yachts.com\\\/\",\"logo\":{\"@type\":\"ImageObject\",\"inLanguage\":\"en-US\",\"@id\":\"https:\\\/\\\/castaner-yachts.com\\\/#\\\/schema\\\/logo\\\/image\\\/\",\"url\":\"https:\\\/\\\/castaner-yachts.com\\\/wp-content\\\/uploads\\\/2019\\\/07\\\/ICY-Icon.png\",\"contentUrl\":\"https:\\\/\\\/castaner-yachts.com\\\/wp-content\\\/uploads\\\/2019\\\/07\\\/ICY-Icon.png\",\"width\":92,\"height\":86,\"caption\":\"Casta\u00f1er Yachts\"},\"image\":{\"@id\":\"https:\\\/\\\/castaner-yachts.com\\\/#\\\/schema\\\/logo\\\/image\\\/\"}}]}<\/script>\n<!-- \/ Yoast SEO plugin. -->","yoast_head_json":{"title":"Contact - I. Casta\u00f1er Yachts. Venta de Barcos nuevos y de segunda mano","description":"P\u00e1gina de contacto de Casta\u00f1er Yachts, venta de barcos nuevos y de seguna mano con todas las garant\u00edas.","robots":{"index":"index","follow":"follow","max-snippet":"max-snippet:-1","max-image-preview":"max-image-preview:large","max-video-preview":"max-video-preview:-1"},"canonical":"https:\/\/castaner-yachts.com\/en\/contact\/","og_locale":"en_US","og_type":"article","og_title":"Contact - I. Casta\u00f1er Yachts. Venta de Barcos nuevos y de segunda mano","og_description":"P\u00e1gina de contacto de Casta\u00f1er Yachts, venta de barcos nuevos y de seguna mano con todas las garant\u00edas.","og_url":"https:\/\/castaner-yachts.com\/en\/contact\/","og_site_name":"I. Casta\u00f1er Yachts. Venta de Barcos nuevos y de segunda mano","article_modified_time":"2026-03-26T11:15:08+00:00","twitter_card":"summary_large_image","twitter_misc":{"Est. reading time":"1 minute"},"schema":{"@context":"https:\/\/schema.org","@graph":[{"@type":"WebPage","@id":"https:\/\/castaner-yachts.com\/en\/contact\/","url":"https:\/\/castaner-yachts.com\/en\/contact\/","name":"Contact - I. Casta\u00f1er Yachts. Venta de Barcos nuevos y de segunda mano","isPartOf":{"@id":"https:\/\/castaner-yachts.com\/#website"},"datePublished":"2019-03-26T08:10:49+00:00","dateModified":"2026-03-26T11:15:08+00:00","description":"P\u00e1gina de contacto de Casta\u00f1er Yachts, venta de barcos nuevos y de seguna mano con todas las garant\u00edas.","breadcrumb":{"@id":"https:\/\/castaner-yachts.com\/en\/contact\/#breadcrumb"},"inLanguage":"en-US","potentialAction":[{"@type":"ReadAction","target":["https:\/\/castaner-yachts.com\/en\/contact\/"]}]},{"@type":"BreadcrumbList","@id":"https:\/\/castaner-yachts.com\/en\/contact\/#breadcrumb","itemListElement":[{"@type":"ListItem","position":1,"name":"Portada","item":"https:\/\/castaner-yachts.com\/en\/"},{"@type":"ListItem","position":2,"name":"Contact"}]},{"@type":"WebSite","@id":"https:\/\/castaner-yachts.com\/#website","url":"https:\/\/castaner-yachts.com\/","name":"I. Casta\u00f1er Yachts. Venta de Barcos nuevos y de segunda mano","description":"","publisher":{"@id":"https:\/\/castaner-yachts.com\/#organization"},"potentialAction":[{"@type":"SearchAction","target":{"@type":"EntryPoint","urlTemplate":"https:\/\/castaner-yachts.com\/?s={search_term_string}"},"query-input":{"@type":"PropertyValueSpecification","valueRequired":true,"valueName":"search_term_string"}}],"inLanguage":"en-US"},{"@type":"Organization","@id":"https:\/\/castaner-yachts.com\/#organization","name":"Casta\u00f1er Yachts","url":"https:\/\/castaner-yachts.com\/","logo":{"@type":"ImageObject","inLanguage":"en-US","@id":"https:\/\/castaner-yachts.com\/#\/schema\/logo\/image\/","url":"https:\/\/castaner-yachts.com\/wp-content\/uploads\/2019\/07\/ICY-Icon.png","contentUrl":"https:\/\/castaner-yachts.com\/wp-content\/uploads\/2019\/07\/ICY-Icon.png","width":92,"height":86,"caption":"Casta\u00f1er Yachts"},"image":{"@id":"https:\/\/castaner-yachts.com\/#\/schema\/logo\/image\/"}}]}},"_links":{"self":[{"href":"https:\/\/castaner-yachts.com\/en\/wp-json\/wp\/v2\/pages\/879","targetHints":{"allow":["GET"]}}],"collection":[{"href":"https:\/\/castaner-yachts.com\/en\/wp-json\/wp\/v2\/pages"}],"about":[{"href":"https:\/\/castaner-yachts.com\/en\/wp-json\/wp\/v2\/types\/page"}],"author":[{"embeddable":true,"href":"https:\/\/castaner-yachts.com\/en\/wp-json\/wp\/v2\/users\/2"}],"replies":[{"embeddable":true,"href":"https:\/\/castaner-yachts.com\/en\/wp-json\/wp\/v2\/comments?post=879"}],"version-history":[{"count":2,"href":"https:\/\/castaner-yachts.com\/en\/wp-json\/wp\/v2\/pages\/879\/revisions"}],"predecessor-version":[{"id":31721,"href":"https:\/\/castaner-yachts.com\/en\/wp-json\/wp\/v2\/pages\/879\/revisions\/31721"}],"wp:attachment":[{"href":"https:\/\/castaner-yachts.com\/en\/wp-json\/wp\/v2\/media?parent=879"}],"curies":[{"name":"wp","href":"https:\/\/api.w.org\/{rel}","templated":true}]}}